{"id":2,"date":"2025-05-14T12:38:33","date_gmt":"2025-05-14T10:38:33","guid":{"rendered":"https:\/\/fjelltoppene.no\/?page_id=2"},"modified":"2025-05-14T14:25:32","modified_gmt":"2025-05-14T12:25:32","slug":"testside","status":"publish","type":"page","link":"https:\/\/fjelltoppene.no\/","title":{"rendered":""},"content":{"rendered":"\n<figure class=\"wp-block-image size-full\"><img loading=\"lazy\" decoding=\"async\" width=\"1024\" height=\"755\" src=\"https:\/\/fjelltoppene.no\/wp-content\/uploads\/2025\/05\/topp.png\" alt=\"\" class=\"wp-image-14\" srcset=\"https:\/\/fjelltoppene.no\/wp-content\/uploads\/2025\/05\/topp.png 1024w, https:\/\/fjelltoppene.no\/wp-content\/uploads\/2025\/05\/topp-300x221.png 300w, https:\/\/fjelltoppene.no\/wp-content\/uploads\/2025\/05\/topp-768x566.png 768w\" sizes=\"auto, (max-width: 1024px) 100vw, 1024px\" \/><\/figure>\n\n\n\n<h2 class=\"wp-block-heading has-text-align-center\">\u26f0\ufe0f<strong>Fjelltoppene.no<\/strong><\/h2>\n\n\n\n<p class=\"has-text-align-center\">Logg for fjellturene dine. Hold styr p\u00e5 toppturer og planer p\u00e5 ett sted.<\/p>\n\n\n\n<h2 class=\"wp-block-heading has-text-align-center\">Hva er Fjelltoppene?<\/h2>\n\n\n\n<p class=\"has-text-align-center\">Fjelltoppene er en enkel og smart app for \u00e5 holde oversikt over fjellene du har bes\u00f8kt \u2013 og de du dr\u00f8mmer om. Marker topper p\u00e5 kartet, legg til bilder, datoer og h\u00f8ydemeter med automatisk innhenting av metadata<\/p>\n\n\n\n<p class=\"has-text-align-center\"> \u2013 alt samlet ett sted.<\/p>\n\n\n\n<h2 class=\"wp-block-heading has-text-align-center\">Hvordan fungerer Fjelltoppene?<\/h2>\n\n\n\n<div class=\"wp-block-columns is-layout-flex wp-container-core-columns-is-layout-28f84493 wp-block-columns-is-layout-flex\">\n<div class=\"wp-block-column is-vertically-aligned-center is-layout-flow wp-block-column-is-layout-flow\">\n<figure class=\"wp-block-image size-full is-resized\"><img loading=\"lazy\" decoding=\"async\" width=\"1024\" height=\"1024\" src=\"https:\/\/fjelltoppene.no\/wp-content\/uploads\/2025\/05\/Fjelltoppene_ikon.png\" alt=\"\" class=\"wp-image-10\" style=\"width:156px;height:auto\" srcset=\"https:\/\/fjelltoppene.no\/wp-content\/uploads\/2025\/05\/Fjelltoppene_ikon.png 1024w, https:\/\/fjelltoppene.no\/wp-content\/uploads\/2025\/05\/Fjelltoppene_ikon-300x300.png 300w, https:\/\/fjelltoppene.no\/wp-content\/uploads\/2025\/05\/Fjelltoppene_ikon-150x150.png 150w\" sizes=\"auto, (max-width: 1024px) 100vw, 1024px\" \/><\/figure>\n\n\n\n<p>Ingen nett? Ingen problem<br>Fungerer offline med GPS!<\/p>\n<\/div>\n\n\n\n<div class=\"wp-block-column is-layout-flow wp-block-column-is-layout-flow\">\n<figure class=\"wp-block-image size-full is-resized\"><img loading=\"lazy\" decoding=\"async\" width=\"1024\" height=\"1024\" src=\"https:\/\/fjelltoppene.no\/wp-content\/uploads\/2025\/05\/Fjelltoppene_ikon.png\" alt=\"\" class=\"wp-image-10\" style=\"width:152px;height:auto\" srcset=\"https:\/\/fjelltoppene.no\/wp-content\/uploads\/2025\/05\/Fjelltoppene_ikon.png 1024w, https:\/\/fjelltoppene.no\/wp-content\/uploads\/2025\/05\/Fjelltoppene_ikon-300x300.png 300w, https:\/\/fjelltoppene.no\/wp-content\/uploads\/2025\/05\/Fjelltoppene_ikon-150x150.png 150w\" sizes=\"auto, (max-width: 1024px) 100vw, 1024px\" \/><\/figure>\n\n\n\n<p>Importer og lagre bilder fra turene dine<\/p>\n<\/div>\n\n\n\n<div class=\"wp-block-column is-vertically-aligned-center is-layout-flow wp-block-column-is-layout-flow\">\n<figure class=\"wp-block-image size-full is-resized\"><img loading=\"lazy\" decoding=\"async\" width=\"1024\" height=\"1024\" src=\"https:\/\/fjelltoppene.no\/wp-content\/uploads\/2025\/05\/Fjelltoppene_ikon.png\" alt=\"\" class=\"wp-image-10\" style=\"width:156px;height:auto\" srcset=\"https:\/\/fjelltoppene.no\/wp-content\/uploads\/2025\/05\/Fjelltoppene_ikon.png 1024w, https:\/\/fjelltoppene.no\/wp-content\/uploads\/2025\/05\/Fjelltoppene_ikon-300x300.png 300w, https:\/\/fjelltoppene.no\/wp-content\/uploads\/2025\/05\/Fjelltoppene_ikon-150x150.png 150w\" sizes=\"auto, (max-width: 1024px) 100vw, 1024px\" \/><\/figure>\n\n\n\n<p>Planlegg og registrer Bucketlist-turer direkte p\u00e5 kart.<\/p>\n<\/div>\n<\/div>\n\n\n\n<div class=\"wp-block-buttons is-content-justification-center is-layout-flex wp-container-core-buttons-is-layout-a89b3969 wp-block-buttons-is-layout-flex\">\n<div class=\"wp-block-button has-custom-width wp-block-button__width-50 is-style-fill\"><a class=\"wp-block-button__link has-black-color has-vivid-cyan-blue-background-color has-text-color has-background has-link-color has-text-align-center has-custom-font-size wp-element-button\" style=\"border-style:none;border-width:0px;border-radius:13px;padding-top:0;padding-right:0;padding-bottom:0;padding-left:0;font-size:37px\"><mark style=\"background-color:rgba(0, 0, 0, 0);color:#2e3543\" class=\"has-inline-color\">Last ned appen!<\/mark><\/a><\/div>\n<\/div>\n\n\n\n<p><\/p>\n","protected":false},"excerpt":{"rendered":"<p>\u26f0\ufe0fFjelltoppene.no Logg for fjellturene dine. Hold styr p\u00e5 toppturer og planer p\u00e5 ett sted. Hva er Fjelltoppene? Fjelltoppene er en enkel og smart app for \u00e5 holde oversikt over fjellene du har bes\u00f8kt \u2013 og de du dr\u00f8mmer om. Marker topper p\u00e5 kartet, legg til bilder, datoer og h\u00f8ydemeter med automatisk innhenting av metadata \u2013 [&hellip;]<\/p>\n","protected":false},"author":1,"featured_media":0,"parent":0,"menu_order":0,"comment_status":"closed","ping_status":"open","template":"","meta":{"footnotes":""},"class_list":["post-2","page","type-page","status-publish","hentry"],"_links":{"self":[{"href":"https:\/\/fjelltoppene.no\/index.php?rest_route=\/wp\/v2\/pages\/2","targetHints":{"allow":["GET"]}}],"collection":[{"href":"https:\/\/fjelltoppene.no\/index.php?rest_route=\/wp\/v2\/pages"}],"about":[{"href":"https:\/\/fjelltoppene.no\/index.php?rest_route=\/wp\/v2\/types\/page"}],"author":[{"embeddable":true,"href":"https:\/\/fjelltoppene.no\/index.php?rest_route=\/wp\/v2\/users\/1"}],"replies":[{"embeddable":true,"href":"https:\/\/fjelltoppene.no\/index.php?rest_route=%2Fwp%2Fv2%2Fcomments&post=2"}],"version-history":[{"count":5,"href":"https:\/\/fjelltoppene.no\/index.php?rest_route=\/wp\/v2\/pages\/2\/revisions"}],"predecessor-version":[{"id":23,"href":"https:\/\/fjelltoppene.no\/index.php?rest_route=\/wp\/v2\/pages\/2\/revisions\/23"}],"wp:attachment":[{"href":"https:\/\/fjelltoppene.no\/index.php?rest_route=%2Fwp%2Fv2%2Fmedia&parent=2"}],"curies":[{"name":"wp","href":"https:\/\/api.w.org\/{rel}","templated":true}]}}